{"id":238,"date":"2026-01-28T20:15:36","date_gmt":"2026-01-28T20:15:36","guid":{"rendered":"https:\/\/dev-nexxfinance.pantheonsite.io\/?page_id=238"},"modified":"2026-02-26T19:56:08","modified_gmt":"2026-02-26T19:56:08","slug":"talent-growth","status":"publish","type":"page","link":"https:\/\/nexxfinance.com\/en\/talent-growth\/","title":{"rendered":"Talent &amp; Growth"},"content":{"rendered":"\t\t<div data-elementor-type=\"wp-page\" data-elementor-id=\"238\" class=\"elementor elementor-238\" data-elementor-post-type=\"page\">\n\t\t\t\t<div class=\"elementor-element elementor-element-000b3cc e-flex e-con-boxed e-con e-parent\" data-id=\"000b3cc\" data-element_type=\"container\" data-e-type=\"container\" data-settings=\"{&quot;background_background&quot;:&quot;classic&quot;,&quot;background_motion_fx_motion_fx_mouse&quot;:&quot;yes&quot;,&quot;background_motion_fx_mouseTrack_effect&quot;:&quot;yes&quot;,&quot;background_motion_fx_mouseTrack_speed&quot;:{&quot;unit&quot;:&quot;px&quot;,&quot;size&quot;:0.1,&quot;sizes&quot;:[]}}\">\n\t\t\t\t\t<div class=\"e-con-inner\">\n\t\t<div class=\"elementor-element elementor-element-8badbf7 e-con-full e-flex e-con e-child\" data-id=\"8badbf7\" data-element_type=\"container\" data-e-type=\"container\">\n\t\t<div class=\"elementor-element elementor-element-aa590a1 e-con-full e-flex e-con e-child\" data-id=\"aa590a1\" data-element_type=\"container\" data-e-type=\"container\">\n\t\t\t\t<div class=\"elementor-element elementor-element-9c002af elementor-widget elementor-widget-heading\" data-id=\"9c002af\" data-element_type=\"widget\" data-e-type=\"widget\" data-widget_type=\"heading.default\">\n\t\t\t\t\t<h1 class=\"elementor-heading-title elementor-size-default\">Talent &amp; growth<\/h1>\t\t\t\t<\/div>\n\t\t\t\t<div class=\"elementor-element elementor-element-611948d elementor-widget elementor-widget-text-editor\" data-id=\"611948d\" data-element_type=\"widget\" data-e-type=\"widget\" data-widget_type=\"text-editor.default\">\n\t\t\t\t\t\t\t\t\tConstrucci\u00f3n de equipos comerciales para brokers y fintechs.\t\t\t\t\t\t\t\t<\/div>\n\t\t\t\t<\/div>\n\t\t<div class=\"elementor-element elementor-element-7babef1 e-con-full e-flex e-con e-child\" data-id=\"7babef1\" data-element_type=\"container\" data-e-type=\"container\">\n\t\t<div class=\"elementor-element elementor-element-58bb2f7 e-con-full e-flex e-con e-child\" data-id=\"58bb2f7\" data-element_type=\"container\" data-e-type=\"container\">\n\t\t\t\t<div class=\"elementor-element elementor-element-2e5a74e elementor-mobile-align-justify elementor-widget elementor-widget-global elementor-global-316 elementor-widget-button\" data-id=\"2e5a74e\" data-element_type=\"widget\" data-e-type=\"widget\" data-widget_type=\"button.default\">\n\t\t\t\t\t\t\t\t\t\t<a class=\"elementor-button elementor-button-link elementor-size-sm\" href=\"#form\">\n\t\t\t\t\t\t<span class=\"elementor-button-content-wrapper\">\n\t\t\t\t\t\t\t\t\t<span class=\"elementor-button-text\">Contactar un asesor<\/span>\n\t\t\t\t\t<\/span>\n\t\t\t\t\t<\/a>\n\t\t\t\t\t\t\t\t<\/div>\n\t\t\t\t<\/div>\n\t\t\t\t<\/div>\n\t\t\t\t<\/div>\n\t\t\t\t\t<\/div>\n\t\t\t\t<\/div>\n\t\t<div class=\"elementor-element elementor-element-87657cc e-flex e-con-boxed e-con e-parent\" data-id=\"87657cc\" data-element_type=\"container\" data-e-type=\"container\" data-settings=\"{&quot;background_background&quot;:&quot;classic&quot;}\">\n\t\t\t\t\t<div class=\"e-con-inner\">\n\t\t<div class=\"elementor-element elementor-element-0107132 e-con-full e-flex e-con e-child\" data-id=\"0107132\" data-element_type=\"container\" data-e-type=\"container\" data-settings=\"{&quot;background_background&quot;:&quot;classic&quot;}\">\n\t\t\t\t<div class=\"elementor-element elementor-element-43efaa6 elementor-widget elementor-widget-heading\" data-id=\"43efaa6\" data-element_type=\"widget\" data-e-type=\"widget\" data-widget_type=\"heading.default\">\n\t\t\t\t\t<h2 class=\"elementor-heading-title elementor-size-default\">Qu\u00e9 es Talent &amp; Growth<\/h2>\t\t\t\t<\/div>\n\t\t\t\t<div class=\"elementor-element elementor-element-b9a7531 elementor-widget__width-initial elementor-widget elementor-widget-text-editor\" data-id=\"b9a7531\" data-element_type=\"widget\" data-e-type=\"widget\" data-widget_type=\"text-editor.default\">\n\t\t\t\t\t\t\t\t\t<p>En <strong>NexxFinance<\/strong> ayudamos a brokers, fintechs y empresas del ecosistema financiero a <strong>dise\u00f1ar, reclutar y escalar equipos profesionales de alto rendimiento<\/strong>, alineados con sus objetivos de crecimiento, expansi\u00f3n regional y rentabilidad.<\/p><p>Nos especializamos en la <strong>construcci\u00f3n de estructuras comerciales completas<\/strong>, combinando <strong>talento humano calificado, procesos estrat\u00e9gicos y visi\u00f3n de negocio<\/strong>, para mercados <strong>LATAM, Europa y regiones estrat\u00e9gicas<\/strong>, bajo esquemas presenciales, h\u00edbridos o 100% remotos.<\/p>\t\t\t\t\t\t\t\t<\/div>\n\t\t\t\t<\/div>\n\t\t\t\t\t<\/div>\n\t\t\t\t<\/div>\n\t\t<div class=\"elementor-element elementor-element-0242df4 e-flex e-con-boxed e-con e-parent\" data-id=\"0242df4\" data-element_type=\"container\" data-e-type=\"container\" data-settings=\"{&quot;background_background&quot;:&quot;classic&quot;}\">\n\t\t\t\t\t<div class=\"e-con-inner\">\n\t\t<div class=\"elementor-element elementor-element-0d1d4fd e-con-full e-flex e-con e-child\" data-id=\"0d1d4fd\" data-element_type=\"container\" data-e-type=\"container\" data-settings=\"{&quot;background_background&quot;:&quot;classic&quot;}\">\n\t\t\t\t<div class=\"elementor-element elementor-element-0743d1f elementor-widget elementor-widget-image\" data-id=\"0743d1f\" data-element_type=\"widget\" data-e-type=\"widget\" data-widget_type=\"image.default\">\n\t\t\t\t\t\t\t\t\t\t\t\t\t\t\t<img fetchpriority=\"high\" decoding=\"async\" width=\"718\" height=\"486\" src=\"https:\/\/nexxfinance.com\/wp-content\/uploads\/2026\/02\/\u00bfQue-tipo-de-equipos-ayudamos-a-construir.webp\" class=\"attachment-large size-large wp-image-614\" alt=\"\" srcset=\"https:\/\/nexxfinance.com\/wp-content\/uploads\/2026\/02\/\u00bfQue-tipo-de-equipos-ayudamos-a-construir.webp 718w, https:\/\/nexxfinance.com\/wp-content\/uploads\/2026\/02\/\u00bfQue-tipo-de-equipos-ayudamos-a-construir-300x203.webp 300w, https:\/\/nexxfinance.com\/wp-content\/uploads\/2026\/02\/\u00bfQue-tipo-de-equipos-ayudamos-a-construir-18x12.webp 18w\" sizes=\"(max-width: 718px) 100vw, 718px\" \/>\t\t\t\t\t\t\t\t\t\t\t\t\t\t\t<\/div>\n\t\t\t\t<\/div>\n\t\t<div class=\"elementor-element elementor-element-11518c1 e-con-full e-flex e-con e-child\" data-id=\"11518c1\" data-element_type=\"container\" data-e-type=\"container\">\n\t\t\t\t<div class=\"elementor-element elementor-element-912cb93 elementor-widget elementor-widget-heading\" data-id=\"912cb93\" data-element_type=\"widget\" data-e-type=\"widget\" data-widget_type=\"heading.default\">\n\t\t\t\t\t<h2 class=\"elementor-heading-title elementor-size-default\">\u00bfQu\u00e9 tipo de equipos ayudamos a construir?\n<\/h2>\t\t\t\t<\/div>\n\t\t\t\t<div class=\"elementor-element elementor-element-8287263 elementor-widget elementor-widget-text-editor\" data-id=\"8287263\" data-element_type=\"widget\" data-e-type=\"widget\" data-widget_type=\"text-editor.default\">\n\t\t\t\t\t\t\t\t\t<p>Dise\u00f1amos y acompa\u00f1amos la creaci\u00f3n de equipos clave para brokers y empresas de inversi\u00f3n, incluyendo:<\/p><ul><li><strong>Business Development Managers (BDM)<\/strong><\/li><li><strong>Account Managers \/ Sales Managers<\/strong><\/li><li><strong>Head Managers \/ Team Leaders<\/strong><\/li><li><strong>Analistas de Mercado<\/strong><\/li><li><strong>Marketing Managers (Performance &amp; Growth)<\/strong><\/li><li><strong>Roles comerciales, operativos y estrat\u00e9gicos vinculados a brokers de inversi\u00f3n<\/strong><\/li><\/ul>\t\t\t\t\t\t\t\t<\/div>\n\t\t\t\t<\/div>\n\t\t\t\t\t<\/div>\n\t\t\t\t<\/div>\n\t\t<div class=\"elementor-element elementor-element-2264e53 e-flex e-con-boxed e-con e-parent\" data-id=\"2264e53\" data-element_type=\"container\" data-e-type=\"container\" data-settings=\"{&quot;background_background&quot;:&quot;classic&quot;}\">\n\t\t\t\t\t<div class=\"e-con-inner\">\n\t\t<div class=\"elementor-element elementor-element-101f37a e-con-full e-flex e-con e-child\" data-id=\"101f37a\" data-element_type=\"container\" data-e-type=\"container\" data-settings=\"{&quot;background_background&quot;:&quot;classic&quot;}\">\n\t\t\t\t<div class=\"elementor-element elementor-element-ea80fe0 elementor-widget elementor-widget-heading\" data-id=\"ea80fe0\" data-element_type=\"widget\" data-e-type=\"widget\" data-widget_type=\"heading.default\">\n\t\t\t\t\t<h2 class=\"elementor-heading-title elementor-size-default\">Nuestro enfoque\n<\/h2>\t\t\t\t<\/div>\n\t\t\t\t<div class=\"elementor-element elementor-element-346de09 elementor-widget__width-initial elementor-widget elementor-widget-text-editor\" data-id=\"346de09\" data-element_type=\"widget\" data-e-type=\"widget\" data-widget_type=\"text-editor.default\">\n\t\t\t\t\t\t\t\t\t<p><span style=\"font-weight: 400;\">Nuestro modelo va m\u00e1s all\u00e1 del reclutamiento tradicional. En NexxFinance analizamos en profundidad el modelo de negocio, el mercado objetivo y la estructura actual de cada cliente; definimos roles claros, KPIs, esquemas de incentivos y objetivos comerciales alineados a resultados; identificamos y seleccionamos perfiles con experiencia real en FX, CFD, Crypto y mercados financieros; acompa\u00f1amos de forma activa el proceso de onboarding, activaci\u00f3n y escalamiento de los equipos, y trabajamos de manera continua en la optimizaci\u00f3n de la retenci\u00f3n de talento y el rendimiento comercial.<\/span><\/p>\t\t\t\t\t\t\t\t<\/div>\n\t\t\t\t<\/div>\n\t\t\t\t\t<\/div>\n\t\t\t\t<\/div>\n\t\t<div class=\"elementor-element elementor-element-4b99ff8 e-flex e-con-boxed e-con e-parent\" data-id=\"4b99ff8\" data-element_type=\"container\" data-e-type=\"container\">\n\t\t\t\t\t<div class=\"e-con-inner\">\n\t\t<div class=\"elementor-element elementor-element-9669250 e-con-full e-flex e-con e-child\" data-id=\"9669250\" data-element_type=\"container\" data-e-type=\"container\">\n\t\t<div class=\"elementor-element elementor-element-2b1885b e-con-full e-flex e-con e-child\" data-id=\"2b1885b\" data-element_type=\"container\" data-e-type=\"container\">\n\t\t\t\t<div class=\"elementor-element elementor-element-439924c elementor-widget elementor-widget-heading\" data-id=\"439924c\" data-element_type=\"widget\" data-e-type=\"widget\" data-widget_type=\"heading.default\">\n\t\t\t\t\t<h2 class=\"elementor-heading-title elementor-size-default\">\u00bfPara qui\u00e9n es este servicio?\n<\/h2>\t\t\t\t<\/div>\n\t\t\t\t<div class=\"elementor-element elementor-element-d5582b8 elementor-widget elementor-widget-heading\" data-id=\"d5582b8\" data-element_type=\"widget\" data-e-type=\"widget\" data-widget_type=\"heading.default\">\n\t\t\t\t\t<h3 class=\"elementor-heading-title elementor-size-default\">(Compliance)\n<\/h3>\t\t\t\t<\/div>\n\t\t\t\t<\/div>\n\t\t\t\t<div class=\"elementor-element elementor-element-4d40078 elementor-widget elementor-widget-text-editor\" data-id=\"4d40078\" data-element_type=\"widget\" data-e-type=\"widget\" data-widget_type=\"text-editor.default\">\n\t\t\t\t\t\t\t\t\t<p>Este servicio est\u00e1 dise\u00f1ado para:<\/p><ul><li>Brokers en etapa de <strong>lanzamiento o expansi\u00f3n<\/strong><\/li><li>Fintechs que buscan <strong>estructurar su equipo comercial desde cero<\/strong><\/li><li>Empresas que desean <strong>profesionalizar su fuerza de ventas<\/strong><\/li><li>Brokers que necesitan <strong>optimizar resultados y reducir rotaci\u00f3n<\/strong><\/li><li>Proyectos que requieren <strong>equipos remotos confiables y escalables<\/strong><\/li><\/ul>\t\t\t\t\t\t\t\t<\/div>\n\t\t\t\t<\/div>\n\t\t<div class=\"elementor-element elementor-element-58d9cf4 e-con-full e-flex e-con e-child\" data-id=\"58d9cf4\" data-element_type=\"container\" data-e-type=\"container\" data-settings=\"{&quot;background_background&quot;:&quot;classic&quot;}\">\n\t\t\t\t<div class=\"elementor-element elementor-element-e5f261a elementor-widget elementor-widget-image\" data-id=\"e5f261a\" data-element_type=\"widget\" data-e-type=\"widget\" data-widget_type=\"image.default\">\n\t\t\t\t\t\t\t\t\t\t\t\t\t\t\t<img decoding=\"async\" width=\"612\" height=\"336\" src=\"https:\/\/nexxfinance.com\/wp-content\/uploads\/2026\/02\/\u00bfPara-quien-es-este-servicio.webp\" class=\"attachment-large size-large wp-image-613\" alt=\"\" srcset=\"https:\/\/nexxfinance.com\/wp-content\/uploads\/2026\/02\/\u00bfPara-quien-es-este-servicio.webp 612w, https:\/\/nexxfinance.com\/wp-content\/uploads\/2026\/02\/\u00bfPara-quien-es-este-servicio-300x165.webp 300w, https:\/\/nexxfinance.com\/wp-content\/uploads\/2026\/02\/\u00bfPara-quien-es-este-servicio-18x10.webp 18w\" sizes=\"(max-width: 612px) 100vw, 612px\" \/>\t\t\t\t\t\t\t\t\t\t\t\t\t\t\t<\/div>\n\t\t\t\t<\/div>\n\t\t\t\t\t<\/div>\n\t\t\t\t<\/div>\n\t\t<div class=\"elementor-element elementor-element-3e2613a e-flex e-con-boxed e-con e-parent\" data-id=\"3e2613a\" data-element_type=\"container\" data-e-type=\"container\">\n\t\t\t\t\t<div class=\"e-con-inner\">\n\t\t<div class=\"elementor-element elementor-element-2d73ee6 e-con-full e-flex e-con e-child\" data-id=\"2d73ee6\" data-element_type=\"container\" data-e-type=\"container\" data-settings=\"{&quot;background_background&quot;:&quot;classic&quot;}\">\n\t\t\t\t<div class=\"elementor-element elementor-element-133a1a4 elementor-widget elementor-widget-heading\" data-id=\"133a1a4\" data-element_type=\"widget\" data-e-type=\"widget\" data-widget_type=\"heading.default\">\n\t\t\t\t\t<h2 class=\"elementor-heading-title elementor-size-default\">Experiencia real en brokers y mercados financieros<\/h2>\t\t\t\t<\/div>\n\t\t\t\t<div class=\"elementor-element elementor-element-77fbbf1 elementor-widget elementor-widget-text-editor\" data-id=\"77fbbf1\" data-element_type=\"widget\" data-e-type=\"widget\" data-widget_type=\"text-editor.default\">\n\t\t\t\t\t\t\t\t\t<p>Nuestra ventaja es la <strong>experiencia directa en la industria<\/strong>, entendemos el negocio desde dentro y hablamos el mismo idioma que los brokers. Combinamos <strong>estrategia, ejecuci\u00f3n y acompa\u00f1amiento continuo<\/strong> para construir equipos que generan resultados reales y sostenibles.<\/p>\t\t\t\t\t\t\t\t<\/div>\n\t\t\t\t<\/div>\n\t\t\t\t\t<\/div>\n\t\t\t\t<\/div>\n\t\t<div class=\"elementor-element elementor-element-916ba35 e-con-full e-flex e-con e-parent\" data-id=\"916ba35\" data-element_type=\"container\" data-e-type=\"container\">\n\t\t\t\t<div class=\"elementor-element elementor-element-1ea1696 elementor-widget elementor-widget-template\" data-id=\"1ea1696\" data-element_type=\"widget\" data-e-type=\"widget\" data-widget_type=\"template.default\">\n\t\t\t\t<div class=\"elementor-widget-container\">\n\t\t\t\t\t\t\t<div class=\"elementor-template\">\n\t\t\t\t\t<div data-elementor-type=\"container\" data-elementor-id=\"360\" class=\"elementor elementor-360\" data-elementor-post-type=\"elementor_library\">\n\t\t\t\t<div class=\"elementor-element elementor-element-77342063 e-flex e-con-boxed e-con e-parent\" data-id=\"77342063\" data-element_type=\"container\" data-e-type=\"container\" id=\"form\">\n\t\t\t\t\t<div class=\"e-con-inner\">\n\t\t<div class=\"elementor-element elementor-element-40964e8d e-con-full e-flex e-con e-child\" data-id=\"40964e8d\" data-element_type=\"container\" data-e-type=\"container\">\n\t\t\t\t<div class=\"elementor-element elementor-element-7614cef4 elementor-widget elementor-widget-heading\" data-id=\"7614cef4\" data-element_type=\"widget\" data-e-type=\"widget\" data-widget_type=\"heading.default\">\n\t\t\t\t\t<h2 class=\"elementor-heading-title elementor-size-default\">Conversemos sobre tu proyecto<\/h2>\t\t\t\t<\/div>\n\t\t\t\t<div class=\"elementor-element elementor-element-742d603b elementor-widget elementor-widget-text-editor\" data-id=\"742d603b\" data-element_type=\"widget\" data-e-type=\"widget\" data-widget_type=\"text-editor.default\">\n\t\t\t\t\t\t\t\t\t<p>Cu\u00e9ntanos brevemente sobre tu empresa y tus objetivos. Nuestro equipo evaluar\u00e1 tu caso y se pondr\u00e1 en contacto para definir el mejor camino.<\/p>\t\t\t\t\t\t\t\t<\/div>\n\t\t\t\t<\/div>\n\t\t<div class=\"elementor-element elementor-element-67dac7ca e-con-full e-flex e-con e-child\" data-id=\"67dac7ca\" data-element_type=\"container\" data-e-type=\"container\" data-settings=\"{&quot;background_background&quot;:&quot;classic&quot;}\">\n\t\t\t\t<div class=\"elementor-element elementor-element-6683fc87 elementor-button-align-stretch elementor-widget elementor-widget-form\" data-id=\"6683fc87\" data-element_type=\"widget\" data-e-type=\"widget\" data-settings=\"{&quot;step_next_label&quot;:&quot;Next&quot;,&quot;step_previous_label&quot;:&quot;Previous&quot;,&quot;button_width&quot;:&quot;100&quot;,&quot;step_type&quot;:&quot;number_text&quot;,&quot;step_icon_shape&quot;:&quot;circle&quot;}\" data-widget_type=\"form.default\">\n\t\t\t\t\t\t\t<form class=\"elementor-form\" method=\"post\" name=\"New Form\" aria-label=\"New Form\">\n\t\t\t<input type=\"hidden\" name=\"post_id\" value=\"360\"\/>\n\t\t\t<input type=\"hidden\" name=\"form_id\" value=\"6683fc87\"\/>\n\t\t\t<input type=\"hidden\" name=\"referer_title\" value=\"Nosotros - NexxFinance\" \/>\n\n\t\t\t\t\t\t\t<input type=\"hidden\" name=\"queried_id\" value=\"228\"\/>\n\t\t\t\n\t\t\t<div class=\"elementor-form-fields-wrapper elementor-labels-above\">\n\t\t\t\t\t\t\t\t<div class=\"elementor-field-type-text elementor-field-group elementor-column elementor-field-group-name elementor-col-50 elementor-field-required\">\n\t\t\t\t\t\t\t\t\t\t\t\t<label for=\"form-field-name\" class=\"elementor-field-label\">\n\t\t\t\t\t\t\t\tNombre y apellido\t\t\t\t\t\t\t<\/label>\n\t\t\t\t\t\t\t\t\t\t\t\t\t\t<input size=\"1\" type=\"text\" name=\"form_fields[name]\" id=\"form-field-name\" class=\"elementor-field elementor-size-sm  elementor-field-textual\" placeholder=\"Nombre completo\" required=\"required\">\n\t\t\t\t\t\t\t\t\t\t\t<\/div>\n\t\t\t\t\t\t\t\t<div class=\"elementor-field-type-email elementor-field-group elementor-column elementor-field-group-email elementor-col-50 elementor-field-required\">\n\t\t\t\t\t\t\t\t\t\t\t\t<label for=\"form-field-email\" class=\"elementor-field-label\">\n\t\t\t\t\t\t\t\tCorreo corporativo\t\t\t\t\t\t\t<\/label>\n\t\t\t\t\t\t\t\t\t\t\t\t\t\t<input size=\"1\" type=\"email\" name=\"form_fields[email]\" id=\"form-field-email\" class=\"elementor-field elementor-size-sm  elementor-field-textual\" placeholder=\"nombre@empresa.com\" required=\"required\">\n\t\t\t\t\t\t\t\t\t\t\t<\/div>\n\t\t\t\t\t\t\t\t<div class=\"elementor-field-type-text elementor-field-group elementor-column elementor-field-group-field_00cbf2e elementor-col-50 elementor-field-required\">\n\t\t\t\t\t\t\t\t\t\t\t\t<label for=\"form-field-field_00cbf2e\" class=\"elementor-field-label\">\n\t\t\t\t\t\t\t\tEmpresa\t\t\t\t\t\t\t<\/label>\n\t\t\t\t\t\t\t\t\t\t\t\t\t\t<input size=\"1\" type=\"text\" name=\"form_fields[field_00cbf2e]\" id=\"form-field-field_00cbf2e\" class=\"elementor-field elementor-size-sm  elementor-field-textual\" placeholder=\"Nombre de la empresa\" required=\"required\">\n\t\t\t\t\t\t\t\t\t\t\t<\/div>\n\t\t\t\t\t\t\t\t<div class=\"elementor-field-type-select elementor-field-group elementor-column elementor-field-group-field_9077d0a elementor-col-50 elementor-field-required\">\n\t\t\t\t\t\t\t\t\t\t\t\t<label for=\"form-field-field_9077d0a\" class=\"elementor-field-label\">\n\t\t\t\t\t\t\t\tPa\u00eds de operaci\u00f3n\t\t\t\t\t\t\t<\/label>\n\t\t\t\t\t\t\t\t<div class=\"elementor-field elementor-select-wrapper remove-before \">\n\t\t\t<div class=\"select-caret-down-wrapper\">\n\t\t\t\t<svg aria-hidden=\"true\" class=\"e-font-icon-svg e-eicon-caret-down\" viewBox=\"0 0 571.4 571.4\" xmlns=\"http:\/\/www.w3.org\/2000\/svg\"><path d=\"M571 393Q571 407 561 418L311 668Q300 679 286 679T261 668L11 418Q0 407 0 393T11 368 36 357H536Q550 357 561 368T571 393Z\"><\/path><\/svg>\t\t\t<\/div>\n\t\t\t<select name=\"form_fields[field_9077d0a]\" id=\"form-field-field_9077d0a\" class=\"elementor-field-textual elementor-size-sm\" required=\"required\">\n\t\t\t\t\t\t\t\t\t<option value=\"Am\u00e9rica\">Am\u00e9rica<\/option>\n\t\t\t\t\t\t\t\t\t<option value=\"Europa\">Europa<\/option>\n\t\t\t\t\t\t\t\t\t<option value=\"Asia\">Asia<\/option>\n\t\t\t\t\t\t\t\t\t<option value=\"Ocean\u00eda\">Ocean\u00eda<\/option>\n\t\t\t\t\t\t\t\t\t<option value=\"Global\">Global<\/option>\n\t\t\t\t\t\t\t<\/select>\n\t\t<\/div>\n\t\t\t\t\t\t<\/div>\n\t\t\t\t\t\t\t\t<div class=\"elementor-field-type-checkbox elementor-field-group elementor-column elementor-field-group-field_b3fff6f elementor-col-50\">\n\t\t\t\t\t\t\t\t\t\t\t\t<label for=\"form-field-field_b3fff6f\" class=\"elementor-field-label\">\n\t\t\t\t\t\t\t\tTipo de empresa\t\t\t\t\t\t\t<\/label>\n\t\t\t\t\t\t<div class=\"elementor-field-subgroup  elementor-subgroup-inline\"><span class=\"elementor-field-option\"><input type=\"checkbox\" value=\"Broker\" id=\"form-field-field_b3fff6f-0\" name=\"form_fields[field_b3fff6f][]\"> <label for=\"form-field-field_b3fff6f-0\">Broker<\/label><\/span><span class=\"elementor-field-option\"><input type=\"checkbox\" value=\"Fintech\" id=\"form-field-field_b3fff6f-1\" name=\"form_fields[field_b3fff6f][]\"> <label for=\"form-field-field_b3fff6f-1\">Fintech<\/label><\/span><span class=\"elementor-field-option\"><input type=\"checkbox\" value=\"Empresa financiera\" id=\"form-field-field_b3fff6f-2\" name=\"form_fields[field_b3fff6f][]\"> <label for=\"form-field-field_b3fff6f-2\">Empresa financiera<\/label><\/span><span class=\"elementor-field-option\"><input type=\"checkbox\" value=\"Trading\" id=\"form-field-field_b3fff6f-3\" name=\"form_fields[field_b3fff6f][]\"> <label for=\"form-field-field_b3fff6f-3\">Trading<\/label><\/span><span class=\"elementor-field-option\"><input type=\"checkbox\" value=\"Otro\" id=\"form-field-field_b3fff6f-4\" name=\"form_fields[field_b3fff6f][]\"> <label for=\"form-field-field_b3fff6f-4\">Otro<\/label><\/span><\/div>\t\t\t\t<\/div>\n\t\t\t\t\t\t\t\t<div class=\"elementor-field-type-checkbox elementor-field-group elementor-column elementor-field-group-field_185d93c elementor-col-50\">\n\t\t\t\t\t\t\t\t\t\t\t\t<label for=\"form-field-field_185d93c\" class=\"elementor-field-label\">\n\t\t\t\t\t\t\t\t\u00c1rea de inter\u00e9s \t\t\t\t\t\t\t<\/label>\n\t\t\t\t\t\t<div class=\"elementor-field-subgroup  elementor-subgroup-inline\"><span class=\"elementor-field-option\"><input type=\"checkbox\" value=\"NexxFinance Suite\" id=\"form-field-field_185d93c-0\" name=\"form_fields[field_185d93c][]\"> <label for=\"form-field-field_185d93c-0\">NexxFinance Suite<\/label><\/span><span class=\"elementor-field-option\"><input type=\"checkbox\" value=\"Soluciones Fintech\" id=\"form-field-field_185d93c-1\" name=\"form_fields[field_185d93c][]\"> <label for=\"form-field-field_185d93c-1\">Soluciones Fintech<\/label><\/span><span class=\"elementor-field-option\"><input type=\"checkbox\" value=\"NexxIntelligent\" id=\"form-field-field_185d93c-2\" name=\"form_fields[field_185d93c][]\"> <label for=\"form-field-field_185d93c-2\">NexxIntelligent<\/label><\/span><span class=\"elementor-field-option\"><input type=\"checkbox\" value=\"Nexx Consulting\" id=\"form-field-field_185d93c-3\" name=\"form_fields[field_185d93c][]\"> <label for=\"form-field-field_185d93c-3\">Nexx Consulting<\/label><\/span><span class=\"elementor-field-option\"><input type=\"checkbox\" value=\"Talent &amp; Growth\" id=\"form-field-field_185d93c-4\" name=\"form_fields[field_185d93c][]\"> <label for=\"form-field-field_185d93c-4\">Talent & Growth<\/label><\/span><span class=\"elementor-field-option\"><input type=\"checkbox\" value=\"NexxFunded\" id=\"form-field-field_185d93c-5\" name=\"form_fields[field_185d93c][]\"> <label for=\"form-field-field_185d93c-5\">NexxFunded<\/label><\/span><\/div>\t\t\t\t<\/div>\n\t\t\t\t\t\t\t\t<div class=\"elementor-field-type-textarea elementor-field-group elementor-column elementor-field-group-message elementor-col-100\">\n\t\t\t\t\t\t\t\t\t\t\t\t<label for=\"form-field-message\" class=\"elementor-field-label\">\n\t\t\t\t\t\t\t\tMensaje\t\t\t\t\t\t\t<\/label>\n\t\t\t\t\t\t<textarea class=\"elementor-field-textual elementor-field  elementor-size-sm\" name=\"form_fields[message]\" id=\"form-field-message\" rows=\"4\" placeholder=\"Mensaje\"><\/textarea>\t\t\t\t<\/div>\n\t\t\t\t\t\t\t\t<div class=\"elementor-field-type-recaptcha_v3 elementor-field-group elementor-column elementor-field-group-field_fc845e6 elementor-col-100 recaptcha_v3-bottomleft\">\n\t\t\t\t\t<div class=\"elementor-field\" id=\"form-field-field_fc845e6\"><div class=\"elementor-g-recaptcha\" data-sitekey=\"6LcXlIgsAAAAAKNdSiOzNi5aDvtgquSw1qiO-0L8\" data-type=\"v3\" data-action=\"Form\" data-badge=\"bottomleft\" data-size=\"invisible\"><\/div><\/div>\t\t\t\t<\/div>\n\t\t\t\t\t\t\t\t<div class=\"elementor-field-group elementor-column elementor-field-type-submit elementor-col-100 e-form__buttons\">\n\t\t\t\t\t<button class=\"elementor-button elementor-size-sm\" type=\"submit\">\n\t\t\t\t\t\t<span class=\"elementor-button-content-wrapper\">\n\t\t\t\t\t\t\t\t\t\t\t\t\t\t\t\t\t\t\t\t\t\t<span class=\"elementor-button-text\">Enviar<\/span>\n\t\t\t\t\t\t\t\t\t\t\t\t\t<\/span>\n\t\t\t\t\t<\/button>\n\t\t\t\t<\/div>\n\t\t\t<\/div>\n\t\t<\/form>\n\t\t\t\t\t\t<\/div>\n\t\t\t\t<\/div>\n\t\t\t\t\t<\/div>\n\t\t\t\t<\/div>\n\t\t\t\t<\/div>\n\t\t\t\t<\/div>\n\t\t\t\t\t\t<\/div>\n\t\t\t\t<\/div>\n\t\t\t\t<\/div>\n\t\t\t\t<\/div>\n\t\t","protected":false},"excerpt":{"rendered":"<p>Talent &amp; growth Construcci\u00f3n de equipos comerciales para brokers y fintechs. Contactar un asesor Qu\u00e9 es Talent &amp; Growth En NexxFinance ayudamos a brokers, fintechs y empresas del ecosistema financiero a dise\u00f1ar, reclutar y escalar equipos profesionales de alto rendimiento, alineados con sus objetivos de crecimiento, expansi\u00f3n regional y rentabilidad. Nos especializamos en la construcci\u00f3n [&hellip;]<\/p>\n","protected":false},"author":1,"featured_media":0,"parent":0,"menu_order":0,"comment_status":"closed","ping_status":"closed","template":"","meta":{"_acf_changed":false,"footnotes":""},"type-page":[11],"class_list":["post-238","page","type-page","status-publish","hentry","type-page-services"],"acf":[],"_links":{"self":[{"href":"https:\/\/nexxfinance.com\/en\/wp-json\/wp\/v2\/pages\/238","targetHints":{"allow":["GET"]}}],"collection":[{"href":"https:\/\/nexxfinance.com\/en\/wp-json\/wp\/v2\/pages"}],"about":[{"href":"https:\/\/nexxfinance.com\/en\/wp-json\/wp\/v2\/types\/page"}],"author":[{"embeddable":true,"href":"https:\/\/nexxfinance.com\/en\/wp-json\/wp\/v2\/users\/1"}],"replies":[{"embeddable":true,"href":"https:\/\/nexxfinance.com\/en\/wp-json\/wp\/v2\/comments?post=238"}],"version-history":[{"count":7,"href":"https:\/\/nexxfinance.com\/en\/wp-json\/wp\/v2\/pages\/238\/revisions"}],"predecessor-version":[{"id":619,"href":"https:\/\/nexxfinance.com\/en\/wp-json\/wp\/v2\/pages\/238\/revisions\/619"}],"wp:attachment":[{"href":"https:\/\/nexxfinance.com\/en\/wp-json\/wp\/v2\/media?parent=238"}],"wp:term":[{"taxonomy":"type-page","embeddable":true,"href":"https:\/\/nexxfinance.com\/en\/wp-json\/wp\/v2\/type-page?post=238"}],"curies":[{"name":"wp","href":"https:\/\/api.w.org\/{rel}","templated":true}]}}