{"id":522,"date":"2026-02-17T21:04:07","date_gmt":"2026-02-17T21:04:07","guid":{"rendered":"https:\/\/dev-nexxfinance.pantheonsite.io\/?page_id=522"},"modified":"2026-02-17T23:13:49","modified_gmt":"2026-02-17T23:13:49","slug":"aviso-legal","status":"publish","type":"page","link":"https:\/\/nexxfinance.com\/en\/aviso-legal\/","title":{"rendered":"Legal Notice"},"content":{"rendered":"<p>El presente sitio web es operado bajo la marca comercial NexxFinance, utilizada para la prestaci\u00f3n de servicios de consultor\u00eda estrat\u00e9gica, infraestructura digital y soluciones tecnol\u00f3gicas orientadas a empresas financieras, fintechs y negocios digitales.<\/p>\n\n\n\n<p>NexxFinance no constituye una entidad financiera regulada ni una instituci\u00f3n bancaria. Los servicios ofrecidos a trav\u00e9s de este sitio no implican intermediaci\u00f3n financiera directa ni asesoramiento financiero regulado, salvo que se indique expresamente mediante acuerdo contractual independiente.<\/p>\n\n\n\n<p>El acceso y uso de este sitio web implica la aceptaci\u00f3n de las condiciones establecidas en este aviso legal.<\/p>\n\n\n\n<h2 class=\"wp-block-heading\">Propiedad intelectual<\/h2>\n\n\n\n<p>Todos los contenidos del sitio, incluyendo textos, logotipos, marcas, dise\u00f1o, estructura, c\u00f3digo y material gr\u00e1fico, son propiedad de NexxFinance o cuentan con autorizaci\u00f3n para su uso. Queda prohibida su reproducci\u00f3n total o parcial sin autorizaci\u00f3n previa.<\/p>\n\n\n\n<h2 class=\"wp-block-heading\">Limitaci\u00f3n de responsabilidad<\/h2>\n\n\n\n<p>NexxFinance no garantiza que la informaci\u00f3n contenida en este sitio est\u00e9 libre de errores o desactualizaciones. El uso del sitio es responsabilidad exclusiva del usuario.<\/p>\n\n\n\n<p>NexxFinance no ser\u00e1 responsable por da\u00f1os directos o indirectos derivados del uso del sitio web o de la interpretaci\u00f3n de su contenido.<\/p>\n\n\n\n<h2 class=\"wp-block-heading\">Jurisdicci\u00f3n<\/h2>\n\n\n\n<p>Este sitio se rige por la legislaci\u00f3n de la Rep\u00fablica de Chile. Cualquier controversia derivada del uso del sitio ser\u00e1 sometida a los tribunales competentes de dicha jurisdicci\u00f3n.<\/p>","protected":false},"excerpt":{"rendered":"<p>El presente sitio web es operado bajo la marca comercial NexxFinance, utilizada para la prestaci\u00f3n de servicios de consultor\u00eda estrat\u00e9gica, infraestructura digital y soluciones tecnol\u00f3gicas orientadas a empresas financieras, fintechs y negocios digitales. NexxFinance no constituye una entidad financiera regulada ni una instituci\u00f3n bancaria. Los servicios ofrecidos a trav\u00e9s de este sitio no implican intermediaci\u00f3n [&hellip;]<\/p>\n","protected":false},"author":1,"featured_media":0,"parent":0,"menu_order":0,"comment_status":"closed","ping_status":"closed","template":"","meta":{"_acf_changed":false,"footnotes":""},"type-page":[10],"class_list":["post-522","page","type-page","status-publish","hentry","type-page-legales"],"acf":[],"_links":{"self":[{"href":"https:\/\/nexxfinance.com\/en\/wp-json\/wp\/v2\/pages\/522","targetHints":{"allow":["GET"]}}],"collection":[{"href":"https:\/\/nexxfinance.com\/en\/wp-json\/wp\/v2\/pages"}],"about":[{"href":"https:\/\/nexxfinance.com\/en\/wp-json\/wp\/v2\/types\/page"}],"author":[{"embeddable":true,"href":"https:\/\/nexxfinance.com\/en\/wp-json\/wp\/v2\/users\/1"}],"replies":[{"embeddable":true,"href":"https:\/\/nexxfinance.com\/en\/wp-json\/wp\/v2\/comments?post=522"}],"version-history":[{"count":2,"href":"https:\/\/nexxfinance.com\/en\/wp-json\/wp\/v2\/pages\/522\/revisions"}],"predecessor-version":[{"id":553,"href":"https:\/\/nexxfinance.com\/en\/wp-json\/wp\/v2\/pages\/522\/revisions\/553"}],"wp:attachment":[{"href":"https:\/\/nexxfinance.com\/en\/wp-json\/wp\/v2\/media?parent=522"}],"wp:term":[{"taxonomy":"type-page","embeddable":true,"href":"https:\/\/nexxfinance.com\/en\/wp-json\/wp\/v2\/type-page?post=522"}],"curies":[{"name":"wp","href":"https:\/\/api.w.org\/{rel}","templated":true}]}}