{"id":232,"date":"2026-01-28T20:15:00","date_gmt":"2026-01-28T20:15:00","guid":{"rendered":"https:\/\/dev-nexxfinance.pantheonsite.io\/?page_id=232"},"modified":"2026-03-12T23:32:44","modified_gmt":"2026-03-12T23:32:44","slug":"nexxfinance-solutions","status":"publish","type":"page","link":"https:\/\/nexxfinance.com\/es\/nexxfinance-solutions\/","title":{"rendered":"NexxFinance Solutions"},"content":{"rendered":"\t\t<div data-elementor-type=\"wp-page\" data-elementor-id=\"232\" class=\"elementor elementor-232\" data-elementor-post-type=\"page\">\n\t\t\t\t<div class=\"elementor-element elementor-element-9307b36 e-flex e-con-boxed e-con e-parent\" data-id=\"9307b36\" data-element_type=\"container\" data-e-type=\"container\" data-settings=\"{&quot;background_background&quot;:&quot;classic&quot;,&quot;background_motion_fx_motion_fx_mouse&quot;:&quot;yes&quot;,&quot;background_motion_fx_mouseTrack_effect&quot;:&quot;yes&quot;,&quot;background_motion_fx_mouseTrack_speed&quot;:{&quot;unit&quot;:&quot;px&quot;,&quot;size&quot;:0.1,&quot;sizes&quot;:[]}}\">\n\t\t\t\t\t<div class=\"e-con-inner\">\n\t\t<div class=\"elementor-element elementor-element-da1c288 e-con-full e-flex e-con e-child\" data-id=\"da1c288\" data-element_type=\"container\" data-e-type=\"container\">\n\t\t<div class=\"elementor-element elementor-element-eab1a82 e-con-full e-flex e-con e-child\" data-id=\"eab1a82\" data-element_type=\"container\" data-e-type=\"container\">\n\t\t\t\t<div class=\"elementor-element elementor-element-55fc217 elementor-widget elementor-widget-heading\" data-id=\"55fc217\" data-element_type=\"widget\" data-e-type=\"widget\" data-widget_type=\"heading.default\">\n\t\t\t\t\t<h1 class=\"elementor-heading-title elementor-size-default\">NexxFinance Soluciones<\/h1>\t\t\t\t<\/div>\n\t\t\t\t<div class=\"elementor-element elementor-element-8ba180c elementor-widget elementor-widget-text-editor\" data-id=\"8ba180c\" data-element_type=\"widget\" data-e-type=\"widget\" data-widget_type=\"text-editor.default\">\n\t\t\t\t\t\t\t\t\t<p data-start=\"299\" data-end=\"405\">Infraestructura financiera y wallets digitales para operar con eficiencia, seguridad y tecnolog\u00eda moderna.<\/p>\t\t\t\t\t\t\t\t<\/div>\n\t\t\t\t<\/div>\n\t\t<div class=\"elementor-element elementor-element-914e1f3 e-con-full e-flex e-con e-child\" data-id=\"914e1f3\" data-element_type=\"container\" data-e-type=\"container\">\n\t\t<div class=\"elementor-element elementor-element-d236076 e-con-full e-flex e-con e-child\" data-id=\"d236076\" data-element_type=\"container\" data-e-type=\"container\">\n\t\t\t\t<div class=\"elementor-element elementor-element-393b9dd elementor-mobile-align-justify elementor-widget elementor-widget-global elementor-global-316 elementor-widget-button\" data-id=\"393b9dd\" data-element_type=\"widget\" data-e-type=\"widget\" data-widget_type=\"button.default\">\n\t\t\t\t\t\t\t\t\t\t<a class=\"elementor-button elementor-button-link elementor-size-sm\" href=\"#form\">\n\t\t\t\t\t\t<span class=\"elementor-button-content-wrapper\">\n\t\t\t\t\t\t\t\t\t<span class=\"elementor-button-text\">Contactar un asesor<\/span>\n\t\t\t\t\t<\/span>\n\t\t\t\t\t<\/a>\n\t\t\t\t\t\t\t\t<\/div>\n\t\t\t\t<\/div>\n\t\t\t\t<\/div>\n\t\t\t\t<\/div>\n\t\t\t\t\t<\/div>\n\t\t\t\t<\/div>\n\t\t<div class=\"elementor-element elementor-element-119fe0c e-flex e-con-boxed e-con e-parent\" data-id=\"119fe0c\" data-element_type=\"container\" data-e-type=\"container\" data-settings=\"{&quot;background_background&quot;:&quot;classic&quot;}\">\n\t\t\t\t\t<div class=\"e-con-inner\">\n\t\t<div class=\"elementor-element elementor-element-e0be13e e-con-full e-flex e-con e-child\" data-id=\"e0be13e\" data-element_type=\"container\" data-e-type=\"container\" data-settings=\"{&quot;background_background&quot;:&quot;classic&quot;}\">\n\t\t\t\t<div class=\"elementor-element elementor-element-3e5f512 elementor-widget__width-initial elementor-widget elementor-widget-heading\" data-id=\"3e5f512\" data-element_type=\"widget\" data-e-type=\"widget\" data-widget_type=\"heading.default\">\n\t\t\t\t\t<h2 class=\"elementor-heading-title elementor-size-default\">Qu\u00e9 es NexxFinance Soluciones<\/h2>\t\t\t\t<\/div>\n\t\t\t\t<div class=\"elementor-element elementor-element-6316d9e elementor-widget__width-initial elementor-widget elementor-widget-text-editor\" data-id=\"6316d9e\" data-element_type=\"widget\" data-e-type=\"widget\" data-widget_type=\"text-editor.default\">\n\t\t\t\t\t\t\t\t\t<p>Es la suite de herramientas dise\u00f1ada para empresas que buscan operar con eficiencia, seguridad y tecnolog\u00eda moderna. Aqu\u00ed reunimos servicios financieros, infraestructura digital y soluciones de integraci\u00f3n que permiten a brokers, fintechs, empresas de trading y negocios digitales crecer sin fricci\u00f3n.<\/p>\t\t\t\t\t\t\t\t<\/div>\n\t\t\t\t<\/div>\n\t\t\t\t\t<\/div>\n\t\t\t\t<\/div>\n\t\t<div class=\"elementor-element elementor-element-8559610 e-flex e-con-boxed e-con e-parent\" data-id=\"8559610\" data-element_type=\"container\" data-e-type=\"container\" data-settings=\"{&quot;background_background&quot;:&quot;classic&quot;}\">\n\t\t\t\t\t<div class=\"e-con-inner\">\n\t\t<div class=\"elementor-element elementor-element-8145dca e-con-full e-flex e-con e-child\" data-id=\"8145dca\" data-element_type=\"container\" data-e-type=\"container\" data-settings=\"{&quot;background_background&quot;:&quot;classic&quot;}\">\n\t\t\t\t<div class=\"elementor-element elementor-element-69910f2 elementor-widget elementor-widget-image\" data-id=\"69910f2\" data-element_type=\"widget\" data-e-type=\"widget\" data-widget_type=\"image.default\">\n\t\t\t\t\t\t\t\t\t\t\t\t\t\t\t<img fetchpriority=\"high\" decoding=\"async\" width=\"600\" height=\"900\" src=\"https:\/\/nexxfinance.com\/wp-content\/uploads\/2026\/02\/Infraestructura-financiera-y-wallets-digitales-copy.webp\" class=\"attachment-large size-large wp-image-567\" alt=\"\" srcset=\"https:\/\/nexxfinance.com\/wp-content\/uploads\/2026\/02\/Infraestructura-financiera-y-wallets-digitales-copy.webp 600w, https:\/\/nexxfinance.com\/wp-content\/uploads\/2026\/02\/Infraestructura-financiera-y-wallets-digitales-copy-200x300.webp 200w, https:\/\/nexxfinance.com\/wp-content\/uploads\/2026\/02\/Infraestructura-financiera-y-wallets-digitales-copy-8x12.webp 8w\" sizes=\"(max-width: 600px) 100vw, 600px\" \/>\t\t\t\t\t\t\t\t\t\t\t\t\t\t\t<\/div>\n\t\t\t\t<\/div>\n\t\t<div class=\"elementor-element elementor-element-e620c3e e-con-full e-flex e-con e-child\" data-id=\"e620c3e\" data-element_type=\"container\" data-e-type=\"container\">\n\t\t\t\t<div class=\"elementor-element elementor-element-e231daa elementor-widget elementor-widget-heading\" data-id=\"e231daa\" data-element_type=\"widget\" data-e-type=\"widget\" data-widget_type=\"heading.default\">\n\t\t\t\t\t<h2 class=\"elementor-heading-title elementor-size-default\">Infraestructura financiera y wallets digitales<\/h2>\t\t\t\t<\/div>\n\t\t\t\t<div class=\"elementor-element elementor-element-ee60de1 elementor-widget elementor-widget-text-editor\" data-id=\"ee60de1\" data-element_type=\"widget\" data-e-type=\"widget\" data-widget_type=\"text-editor.default\">\n\t\t\t\t\t\t\t\t\t<p>Ofrecemos soluciones integrales dise\u00f1adas para que las empresas operen de forma profesional, eficiente y sostenible dentro del ecosistema financiero moderno. Acompa\u00f1amos a nuestros clientes en la gesti\u00f3n operativa, la estructuraci\u00f3n de productos financieros y la implementaci\u00f3n de infraestructuras digitales que permiten administrar fondos con control y transparencia.<\/p><p>Nuestra propuesta integra:<\/p><ul><li>Wallets digitales corporativas<\/li><li>Cuentas segregadas por proyecto o cliente<\/li><li>Soluciones de pago y procesamiento<\/li><li>Herramientas de tracking y conciliaci\u00f3n<\/li><li>Integraci\u00f3n con servicios financieros externos<\/li><li>Integraci\u00f3n con bancos digitales<\/li><li>Integraci\u00f3n con sistemas tecnol\u00f3gicos especializados<br \/><br \/><\/li><\/ul><p>Estas soluciones est\u00e1n orientadas a brokers, plataformas de trading, fintechs y negocios digitales que requieren una estructura s\u00f3lida, cumplimiento regulatorio y una gesti\u00f3n financiera escalable y eficiente.<\/p>\t\t\t\t\t\t\t\t<\/div>\n\t\t\t\t<\/div>\n\t\t\t\t\t<\/div>\n\t\t\t\t<\/div>\n\t\t<div class=\"elementor-element elementor-element-4f1ce3e e-flex e-con-boxed e-con e-parent\" data-id=\"4f1ce3e\" data-element_type=\"container\" data-e-type=\"container\" data-settings=\"{&quot;background_background&quot;:&quot;classic&quot;}\">\n\t\t\t\t\t<div class=\"e-con-inner\">\n\t\t<div class=\"elementor-element elementor-element-6757860 e-con-full e-flex e-con e-child\" data-id=\"6757860\" data-element_type=\"container\" data-e-type=\"container\">\n\t\t\t\t<div class=\"elementor-element elementor-element-bb64eb3 elementor-widget elementor-widget-heading\" data-id=\"bb64eb3\" data-element_type=\"widget\" data-e-type=\"widget\" data-widget_type=\"heading.default\">\n\t\t\t\t\t<h2 class=\"elementor-heading-title elementor-size-default\">Para qui\u00e9n es NexxFinance Soluciones<\/h2>\t\t\t\t<\/div>\n\t\t\t\t<div class=\"elementor-element elementor-element-fad735a elementor-widget elementor-widget-text-editor\" data-id=\"fad735a\" data-element_type=\"widget\" data-e-type=\"widget\" data-widget_type=\"text-editor.default\">\n\t\t\t\t\t\t\t\t\t<ul><li>Brokers<\/li><li>Plataformas de trading<\/li><li>Fintechs<\/li><li>Negocios digitales<br \/><br \/><\/li><\/ul><p>Que requieren una infraestructura financiera s\u00f3lida, cumplimiento regulatorio y control operativo escalable.<\/p>\t\t\t\t\t\t\t\t<\/div>\n\t\t\t\t<\/div>\n\t\t<div class=\"elementor-element elementor-element-cfef62a e-con-full e-flex e-con e-child\" data-id=\"cfef62a\" data-element_type=\"container\" data-e-type=\"container\" data-settings=\"{&quot;background_background&quot;:&quot;classic&quot;}\">\n\t\t\t\t<div class=\"elementor-element elementor-element-411ed18 elementor-widget elementor-widget-image\" data-id=\"411ed18\" data-element_type=\"widget\" data-e-type=\"widget\" data-widget_type=\"image.default\">\n\t\t\t\t\t\t\t\t\t\t\t\t\t\t\t<img decoding=\"async\" width=\"800\" height=\"600\" src=\"https:\/\/nexxfinance.com\/wp-content\/uploads\/2026\/02\/Para-quien-es-NexxFinance-Soluciones-copy.webp\" class=\"attachment-large size-large wp-image-568\" alt=\"\" srcset=\"https:\/\/nexxfinance.com\/wp-content\/uploads\/2026\/02\/Para-quien-es-NexxFinance-Soluciones-copy.webp 900w, https:\/\/nexxfinance.com\/wp-content\/uploads\/2026\/02\/Para-quien-es-NexxFinance-Soluciones-copy-300x225.webp 300w, https:\/\/nexxfinance.com\/wp-content\/uploads\/2026\/02\/Para-quien-es-NexxFinance-Soluciones-copy-768x576.webp 768w, https:\/\/nexxfinance.com\/wp-content\/uploads\/2026\/02\/Para-quien-es-NexxFinance-Soluciones-copy-16x12.webp 16w\" sizes=\"(max-width: 800px) 100vw, 800px\" \/>\t\t\t\t\t\t\t\t\t\t\t\t\t\t\t<\/div>\n\t\t\t\t<\/div>\n\t\t\t\t\t<\/div>\n\t\t\t\t<\/div>\n\t\t<div class=\"elementor-element elementor-element-072817b e-con-full e-flex e-con e-parent\" data-id=\"072817b\" data-element_type=\"container\" data-e-type=\"container\">\n\t\t\t\t<div class=\"elementor-element elementor-element-51e15eb elementor-widget elementor-widget-template\" data-id=\"51e15eb\" data-element_type=\"widget\" data-e-type=\"widget\" data-widget_type=\"template.default\">\n\t\t\t\t<div class=\"elementor-widget-container\">\n\t\t\t\t\t\t\t<div class=\"elementor-template\">\n\t\t\t\t\t<div data-elementor-type=\"container\" data-elementor-id=\"360\" class=\"elementor elementor-360\" data-elementor-post-type=\"elementor_library\">\n\t\t\t\t<div class=\"elementor-element elementor-element-77342063 e-flex e-con-boxed e-con e-parent\" data-id=\"77342063\" data-element_type=\"container\" data-e-type=\"container\" id=\"form\">\n\t\t\t\t\t<div class=\"e-con-inner\">\n\t\t<div class=\"elementor-element elementor-element-40964e8d e-con-full e-flex e-con e-child\" data-id=\"40964e8d\" data-element_type=\"container\" data-e-type=\"container\">\n\t\t\t\t<div class=\"elementor-element elementor-element-7614cef4 elementor-widget elementor-widget-heading\" data-id=\"7614cef4\" data-element_type=\"widget\" data-e-type=\"widget\" data-widget_type=\"heading.default\">\n\t\t\t\t\t<h2 class=\"elementor-heading-title elementor-size-default\">Conversemos sobre tu proyecto<\/h2>\t\t\t\t<\/div>\n\t\t\t\t<div class=\"elementor-element elementor-element-742d603b elementor-widget elementor-widget-text-editor\" data-id=\"742d603b\" data-element_type=\"widget\" data-e-type=\"widget\" data-widget_type=\"text-editor.default\">\n\t\t\t\t\t\t\t\t\t<p>Cu\u00e9ntanos brevemente sobre tu empresa y tus objetivos. Nuestro equipo evaluar\u00e1 tu caso y se pondr\u00e1 en contacto para definir el mejor camino.<\/p>\t\t\t\t\t\t\t\t<\/div>\n\t\t\t\t<\/div>\n\t\t<div class=\"elementor-element elementor-element-67dac7ca e-con-full e-flex e-con e-child\" data-id=\"67dac7ca\" data-element_type=\"container\" data-e-type=\"container\" data-settings=\"{&quot;background_background&quot;:&quot;classic&quot;}\">\n\t\t\t\t<div class=\"elementor-element elementor-element-6683fc87 elementor-button-align-stretch elementor-widget elementor-widget-form\" data-id=\"6683fc87\" data-element_type=\"widget\" data-e-type=\"widget\" data-settings=\"{&quot;step_next_label&quot;:&quot;Next&quot;,&quot;step_previous_label&quot;:&quot;Previous&quot;,&quot;button_width&quot;:&quot;100&quot;,&quot;step_type&quot;:&quot;number_text&quot;,&quot;step_icon_shape&quot;:&quot;circle&quot;}\" data-widget_type=\"form.default\">\n\t\t\t\t\t\t\t<form class=\"elementor-form\" method=\"post\" name=\"New Form\" aria-label=\"New Form\">\n\t\t\t<input type=\"hidden\" name=\"post_id\" value=\"360\"\/>\n\t\t\t<input type=\"hidden\" name=\"form_id\" value=\"6683fc87\"\/>\n\t\t\t<input type=\"hidden\" name=\"referer_title\" value=\"Nosotros - NexxFinance\" \/>\n\n\t\t\t\t\t\t\t<input type=\"hidden\" name=\"queried_id\" value=\"228\"\/>\n\t\t\t\n\t\t\t<div class=\"elementor-form-fields-wrapper elementor-labels-above\">\n\t\t\t\t\t\t\t\t<div class=\"elementor-field-type-text elementor-field-group elementor-column elementor-field-group-name elementor-col-50 elementor-field-required\">\n\t\t\t\t\t\t\t\t\t\t\t\t<label for=\"form-field-name\" class=\"elementor-field-label\">\n\t\t\t\t\t\t\t\tNombre y apellido\t\t\t\t\t\t\t<\/label>\n\t\t\t\t\t\t\t\t\t\t\t\t\t\t<input size=\"1\" type=\"text\" name=\"form_fields[name]\" id=\"form-field-name\" class=\"elementor-field elementor-size-sm  elementor-field-textual\" placeholder=\"Nombre completo\" required=\"required\">\n\t\t\t\t\t\t\t\t\t\t\t<\/div>\n\t\t\t\t\t\t\t\t<div class=\"elementor-field-type-email elementor-field-group elementor-column elementor-field-group-email elementor-col-50 elementor-field-required\">\n\t\t\t\t\t\t\t\t\t\t\t\t<label for=\"form-field-email\" class=\"elementor-field-label\">\n\t\t\t\t\t\t\t\tCorreo corporativo\t\t\t\t\t\t\t<\/label>\n\t\t\t\t\t\t\t\t\t\t\t\t\t\t<input size=\"1\" type=\"email\" name=\"form_fields[email]\" id=\"form-field-email\" class=\"elementor-field elementor-size-sm  elementor-field-textual\" placeholder=\"nombre@empresa.com\" required=\"required\">\n\t\t\t\t\t\t\t\t\t\t\t<\/div>\n\t\t\t\t\t\t\t\t<div class=\"elementor-field-type-text elementor-field-group elementor-column elementor-field-group-field_00cbf2e elementor-col-50 elementor-field-required\">\n\t\t\t\t\t\t\t\t\t\t\t\t<label for=\"form-field-field_00cbf2e\" class=\"elementor-field-label\">\n\t\t\t\t\t\t\t\tEmpresa\t\t\t\t\t\t\t<\/label>\n\t\t\t\t\t\t\t\t\t\t\t\t\t\t<input size=\"1\" type=\"text\" name=\"form_fields[field_00cbf2e]\" id=\"form-field-field_00cbf2e\" class=\"elementor-field elementor-size-sm  elementor-field-textual\" placeholder=\"Nombre de la empresa\" required=\"required\">\n\t\t\t\t\t\t\t\t\t\t\t<\/div>\n\t\t\t\t\t\t\t\t<div class=\"elementor-field-type-select elementor-field-group elementor-column elementor-field-group-field_9077d0a elementor-col-50 elementor-field-required\">\n\t\t\t\t\t\t\t\t\t\t\t\t<label for=\"form-field-field_9077d0a\" class=\"elementor-field-label\">\n\t\t\t\t\t\t\t\tPa\u00eds de operaci\u00f3n\t\t\t\t\t\t\t<\/label>\n\t\t\t\t\t\t\t\t<div class=\"elementor-field elementor-select-wrapper remove-before \">\n\t\t\t<div class=\"select-caret-down-wrapper\">\n\t\t\t\t<svg aria-hidden=\"true\" class=\"e-font-icon-svg e-eicon-caret-down\" viewBox=\"0 0 571.4 571.4\" xmlns=\"http:\/\/www.w3.org\/2000\/svg\"><path d=\"M571 393Q571 407 561 418L311 668Q300 679 286 679T261 668L11 418Q0 407 0 393T11 368 36 357H536Q550 357 561 368T571 393Z\"><\/path><\/svg>\t\t\t<\/div>\n\t\t\t<select name=\"form_fields[field_9077d0a]\" id=\"form-field-field_9077d0a\" class=\"elementor-field-textual elementor-size-sm\" required=\"required\">\n\t\t\t\t\t\t\t\t\t<option value=\"Am\u00e9rica\">Am\u00e9rica<\/option>\n\t\t\t\t\t\t\t\t\t<option value=\"Europa\">Europa<\/option>\n\t\t\t\t\t\t\t\t\t<option value=\"Asia\">Asia<\/option>\n\t\t\t\t\t\t\t\t\t<option value=\"Ocean\u00eda\">Ocean\u00eda<\/option>\n\t\t\t\t\t\t\t\t\t<option value=\"Global\">Global<\/option>\n\t\t\t\t\t\t\t<\/select>\n\t\t<\/div>\n\t\t\t\t\t\t<\/div>\n\t\t\t\t\t\t\t\t<div class=\"elementor-field-type-checkbox elementor-field-group elementor-column elementor-field-group-field_b3fff6f elementor-col-50\">\n\t\t\t\t\t\t\t\t\t\t\t\t<label for=\"form-field-field_b3fff6f\" class=\"elementor-field-label\">\n\t\t\t\t\t\t\t\tTipo de empresa\t\t\t\t\t\t\t<\/label>\n\t\t\t\t\t\t<div class=\"elementor-field-subgroup  elementor-subgroup-inline\"><span class=\"elementor-field-option\"><input type=\"checkbox\" value=\"Broker\" id=\"form-field-field_b3fff6f-0\" name=\"form_fields[field_b3fff6f][]\"> <label for=\"form-field-field_b3fff6f-0\">Broker<\/label><\/span><span class=\"elementor-field-option\"><input type=\"checkbox\" value=\"Fintech\" id=\"form-field-field_b3fff6f-1\" name=\"form_fields[field_b3fff6f][]\"> <label for=\"form-field-field_b3fff6f-1\">Fintech<\/label><\/span><span class=\"elementor-field-option\"><input type=\"checkbox\" value=\"Empresa financiera\" id=\"form-field-field_b3fff6f-2\" name=\"form_fields[field_b3fff6f][]\"> <label for=\"form-field-field_b3fff6f-2\">Empresa financiera<\/label><\/span><span class=\"elementor-field-option\"><input type=\"checkbox\" value=\"Trading\" id=\"form-field-field_b3fff6f-3\" name=\"form_fields[field_b3fff6f][]\"> <label for=\"form-field-field_b3fff6f-3\">Trading<\/label><\/span><span class=\"elementor-field-option\"><input type=\"checkbox\" value=\"Otro\" id=\"form-field-field_b3fff6f-4\" name=\"form_fields[field_b3fff6f][]\"> <label for=\"form-field-field_b3fff6f-4\">Otro<\/label><\/span><\/div>\t\t\t\t<\/div>\n\t\t\t\t\t\t\t\t<div class=\"elementor-field-type-checkbox elementor-field-group elementor-column elementor-field-group-field_185d93c elementor-col-50\">\n\t\t\t\t\t\t\t\t\t\t\t\t<label for=\"form-field-field_185d93c\" class=\"elementor-field-label\">\n\t\t\t\t\t\t\t\t\u00c1rea de inter\u00e9s \t\t\t\t\t\t\t<\/label>\n\t\t\t\t\t\t<div class=\"elementor-field-subgroup  elementor-subgroup-inline\"><span class=\"elementor-field-option\"><input type=\"checkbox\" value=\"NexxFinance Suite\" id=\"form-field-field_185d93c-0\" name=\"form_fields[field_185d93c][]\"> <label for=\"form-field-field_185d93c-0\">NexxFinance Suite<\/label><\/span><span class=\"elementor-field-option\"><input type=\"checkbox\" value=\"Soluciones Fintech\" id=\"form-field-field_185d93c-1\" name=\"form_fields[field_185d93c][]\"> <label for=\"form-field-field_185d93c-1\">Soluciones Fintech<\/label><\/span><span class=\"elementor-field-option\"><input type=\"checkbox\" value=\"NexxIntelligent\" id=\"form-field-field_185d93c-2\" name=\"form_fields[field_185d93c][]\"> <label for=\"form-field-field_185d93c-2\">NexxIntelligent<\/label><\/span><span class=\"elementor-field-option\"><input type=\"checkbox\" value=\"Nexx Consulting\" id=\"form-field-field_185d93c-3\" name=\"form_fields[field_185d93c][]\"> <label for=\"form-field-field_185d93c-3\">Nexx Consulting<\/label><\/span><span class=\"elementor-field-option\"><input type=\"checkbox\" value=\"Talent &amp; Growth\" id=\"form-field-field_185d93c-4\" name=\"form_fields[field_185d93c][]\"> <label for=\"form-field-field_185d93c-4\">Talent & Growth<\/label><\/span><span class=\"elementor-field-option\"><input type=\"checkbox\" value=\"NexxFunded\" id=\"form-field-field_185d93c-5\" name=\"form_fields[field_185d93c][]\"> <label for=\"form-field-field_185d93c-5\">NexxFunded<\/label><\/span><\/div>\t\t\t\t<\/div>\n\t\t\t\t\t\t\t\t<div class=\"elementor-field-type-textarea elementor-field-group elementor-column elementor-field-group-message elementor-col-100\">\n\t\t\t\t\t\t\t\t\t\t\t\t<label for=\"form-field-message\" class=\"elementor-field-label\">\n\t\t\t\t\t\t\t\tMensaje\t\t\t\t\t\t\t<\/label>\n\t\t\t\t\t\t<textarea class=\"elementor-field-textual elementor-field  elementor-size-sm\" name=\"form_fields[message]\" id=\"form-field-message\" rows=\"4\" placeholder=\"Mensaje\"><\/textarea>\t\t\t\t<\/div>\n\t\t\t\t\t\t\t\t<div class=\"elementor-field-type-recaptcha_v3 elementor-field-group elementor-column elementor-field-group-field_fc845e6 elementor-col-100 recaptcha_v3-bottomleft\">\n\t\t\t\t\t<div class=\"elementor-field\" id=\"form-field-field_fc845e6\"><div class=\"elementor-g-recaptcha\" data-sitekey=\"6LcXlIgsAAAAAKNdSiOzNi5aDvtgquSw1qiO-0L8\" data-type=\"v3\" data-action=\"Form\" data-badge=\"bottomleft\" data-size=\"invisible\"><\/div><\/div>\t\t\t\t<\/div>\n\t\t\t\t\t\t\t\t<div class=\"elementor-field-group elementor-column elementor-field-type-submit elementor-col-100 e-form__buttons\">\n\t\t\t\t\t<button class=\"elementor-button elementor-size-sm\" type=\"submit\">\n\t\t\t\t\t\t<span class=\"elementor-button-content-wrapper\">\n\t\t\t\t\t\t\t\t\t\t\t\t\t\t\t\t\t\t\t\t\t\t<span class=\"elementor-button-text\">Enviar<\/span>\n\t\t\t\t\t\t\t\t\t\t\t\t\t<\/span>\n\t\t\t\t\t<\/button>\n\t\t\t\t<\/div>\n\t\t\t<\/div>\n\t\t<\/form>\n\t\t\t\t\t\t<\/div>\n\t\t\t\t<\/div>\n\t\t\t\t\t<\/div>\n\t\t\t\t<\/div>\n\t\t\t\t<\/div>\n\t\t\t\t<\/div>\n\t\t\t\t\t\t<\/div>\n\t\t\t\t<\/div>\n\t\t\t\t<\/div>\n\t\t<div class=\"elementor-element elementor-element-baa0bf3 e-flex e-con-boxed e-con e-parent\" data-id=\"baa0bf3\" data-element_type=\"container\" data-e-type=\"container\" data-settings=\"{&quot;background_background&quot;:&quot;classic&quot;}\">\n\t\t\t\t\t<div class=\"e-con-inner\">\n\t\t<div class=\"elementor-element elementor-element-6151957 e-con-full e-flex e-con e-child\" data-id=\"6151957\" data-element_type=\"container\" data-e-type=\"container\">\n\t\t\t\t<div class=\"elementor-element elementor-element-1f1c011 elementor-widget elementor-widget-heading\" data-id=\"1f1c011\" data-element_type=\"widget\" data-e-type=\"widget\" data-widget_type=\"heading.default\">\n\t\t\t\t\t<h2 class=\"elementor-heading-title elementor-size-default\">Infraestructura financiera dise\u00f1ada para operar con control, transparencia y visi\u00f3n de crecimiento.<\/h2>\t\t\t\t<\/div>\n\t\t\t\t<\/div>\n\t\t\t\t<div class=\"elementor-element elementor-element-cf768e5 elementor-widget elementor-widget-global elementor-global-370 elementor-widget-button\" data-id=\"cf768e5\" data-element_type=\"widget\" data-e-type=\"widget\" data-widget_type=\"button.default\">\n\t\t\t\t\t\t\t\t\t\t<a class=\"elementor-button elementor-button-link elementor-size-sm\" href=\"#\">\n\t\t\t\t\t\t<span class=\"elementor-button-content-wrapper\">\n\t\t\t\t\t\t<span class=\"elementor-button-icon\">\n\t\t\t\t<svg aria-hidden=\"true\" class=\"e-font-icon-svg e-fas-headset\" viewBox=\"0 0 512 512\" xmlns=\"http:\/\/www.w3.org\/2000\/svg\"><path d=\"M192 208c0-17.67-14.33-32-32-32h-16c-35.35 0-64 28.65-64 64v48c0 35.35 28.65 64 64 64h16c17.67 0 32-14.33 32-32V208zm176 144c35.35 0 64-28.65 64-64v-48c0-35.35-28.65-64-64-64h-16c-17.67 0-32 14.33-32 32v112c0 17.67 14.33 32 32 32h16zM256 0C113.18 0 4.58 118.83 0 256v16c0 8.84 7.16 16 16 16h16c8.84 0 16-7.16 16-16v-16c0-114.69 93.31-208 208-208s208 93.31 208 208h-.12c.08 2.43.12 165.72.12 165.72 0 23.35-18.93 42.28-42.28 42.28H320c0-26.51-21.49-48-48-48h-32c-26.51 0-48 21.49-48 48s21.49 48 48 48h181.72c49.86 0 90.28-40.42 90.28-90.28V256C507.42 118.83 398.82 0 256 0z\"><\/path><\/svg>\t\t\t<\/span>\n\t\t\t\t\t\t\t\t\t<span class=\"elementor-button-text\">Conversemos sobre tu proyecto<\/span>\n\t\t\t\t\t<\/span>\n\t\t\t\t\t<\/a>\n\t\t\t\t\t\t\t\t<\/div>\n\t\t\t\t\t<\/div>\n\t\t\t\t<\/div>\n\t\t\t\t<\/div>\n\t\t","protected":false},"excerpt":{"rendered":"<p>NexxFinance Soluciones Infraestructura financiera y wallets digitales para operar con eficiencia, seguridad y tecnolog\u00eda moderna. Contactar un asesor Qu\u00e9 es NexxFinance Soluciones Es la suite de herramientas dise\u00f1ada para empresas que buscan operar con eficiencia, seguridad y tecnolog\u00eda moderna. Aqu\u00ed reunimos servicios financieros, infraestructura digital y soluciones de integraci\u00f3n que permiten a brokers, fintechs, empresas [&hellip;]<\/p>\n","protected":false},"author":1,"featured_media":0,"parent":0,"menu_order":0,"comment_status":"closed","ping_status":"closed","template":"","meta":{"_acf_changed":false,"footnotes":""},"type-page":[11],"class_list":["post-232","page","type-page","status-publish","hentry","type-page-services"],"acf":[],"_links":{"self":[{"href":"https:\/\/nexxfinance.com\/es\/wp-json\/wp\/v2\/pages\/232","targetHints":{"allow":["GET"]}}],"collection":[{"href":"https:\/\/nexxfinance.com\/es\/wp-json\/wp\/v2\/pages"}],"about":[{"href":"https:\/\/nexxfinance.com\/es\/wp-json\/wp\/v2\/types\/page"}],"author":[{"embeddable":true,"href":"https:\/\/nexxfinance.com\/es\/wp-json\/wp\/v2\/users\/1"}],"replies":[{"embeddable":true,"href":"https:\/\/nexxfinance.com\/es\/wp-json\/wp\/v2\/comments?post=232"}],"version-history":[{"count":21,"href":"https:\/\/nexxfinance.com\/es\/wp-json\/wp\/v2\/pages\/232\/revisions"}],"predecessor-version":[{"id":651,"href":"https:\/\/nexxfinance.com\/es\/wp-json\/wp\/v2\/pages\/232\/revisions\/651"}],"wp:attachment":[{"href":"https:\/\/nexxfinance.com\/es\/wp-json\/wp\/v2\/media?parent=232"}],"wp:term":[{"taxonomy":"type-page","embeddable":true,"href":"https:\/\/nexxfinance.com\/es\/wp-json\/wp\/v2\/type-page?post=232"}],"curies":[{"name":"wp","href":"https:\/\/api.w.org\/{rel}","templated":true}]}}