{"id":523,"date":"2026-02-17T21:04:07","date_gmt":"2026-02-17T21:04:07","guid":{"rendered":"https:\/\/dev-nexxfinance.pantheonsite.io\/?page_id=523"},"modified":"2026-02-17T23:14:43","modified_gmt":"2026-02-17T23:14:43","slug":"terminos-y-condiciones","status":"publish","type":"page","link":"https:\/\/nexxfinance.com\/es\/terminos-y-condiciones\/","title":{"rendered":"T\u00e9rminos y Condiciones"},"content":{"rendered":"\n<p>Al acceder a este sitio web, el usuario acepta los presentes t\u00e9rminos y condiciones.<\/p>\n\n\n\n<h2 class=\"wp-block-heading\">Objeto<\/h2>\n\n\n\n<p>El sitio tiene car\u00e1cter informativo y comercial respecto a los servicios ofrecidos por NexxFinance. La contrataci\u00f3n de cualquier servicio se realizar\u00e1 mediante acuerdo independiente y espec\u00edfico.<\/p>\n\n\n\n<h2 class=\"wp-block-heading\">Uso del sitio<\/h2>\n\n\n\n<p>El usuario se compromete a utilizar el sitio de manera l\u00edcita, no realizar actividades que puedan da\u00f1ar la infraestructura digital y no intentar acceder a \u00e1reas restringidas sin autorizaci\u00f3n.<\/p>\n\n\n\n<h2 class=\"wp-block-heading\">Servicios<\/h2>\n\n\n\n<p>Los servicios descritos en este sitio pueden estar sujetos a evaluaci\u00f3n previa, disponibilidad y condiciones contractuales particulares.<\/p>\n\n\n\n<p>NexxFinance se reserva el derecho de modificar, actualizar o discontinuar servicios sin previo aviso.<\/p>\n\n\n\n<h2 class=\"wp-block-heading\">Exclusi\u00f3n de asesoramiento financiero regulado<\/h2>\n\n\n\n<p>La informaci\u00f3n publicada en este sitio no constituye recomendaci\u00f3n de inversi\u00f3n, asesoramiento financiero regulado ni oferta p\u00fablica de instrumentos financieros.<\/p>\n\n\n\n<h2 class=\"wp-block-heading\">Modificaciones<\/h2>\n\n\n\n<p>NexxFinance podr\u00e1 modificar los presentes t\u00e9rminos en cualquier momento. Las versiones actualizadas ser\u00e1n publicadas en este sitio.<\/p>\n","protected":false},"excerpt":{"rendered":"<p>Al acceder a este sitio web, el usuario acepta los presentes t\u00e9rminos y condiciones. Objeto El sitio tiene car\u00e1cter informativo y comercial respecto a los servicios ofrecidos por NexxFinance. La contrataci\u00f3n de cualquier servicio se realizar\u00e1 mediante acuerdo independiente y espec\u00edfico. Uso del sitio El usuario se compromete a utilizar el sitio de manera l\u00edcita, [&hellip;]<\/p>\n","protected":false},"author":1,"featured_media":0,"parent":0,"menu_order":0,"comment_status":"closed","ping_status":"closed","template":"","meta":{"_acf_changed":false,"footnotes":""},"type-page":[10],"class_list":["post-523","page","type-page","status-publish","hentry","type-page-legales"],"acf":[],"_links":{"self":[{"href":"https:\/\/nexxfinance.com\/es\/wp-json\/wp\/v2\/pages\/523","targetHints":{"allow":["GET"]}}],"collection":[{"href":"https:\/\/nexxfinance.com\/es\/wp-json\/wp\/v2\/pages"}],"about":[{"href":"https:\/\/nexxfinance.com\/es\/wp-json\/wp\/v2\/types\/page"}],"author":[{"embeddable":true,"href":"https:\/\/nexxfinance.com\/es\/wp-json\/wp\/v2\/users\/1"}],"replies":[{"embeddable":true,"href":"https:\/\/nexxfinance.com\/es\/wp-json\/wp\/v2\/comments?post=523"}],"version-history":[{"count":2,"href":"https:\/\/nexxfinance.com\/es\/wp-json\/wp\/v2\/pages\/523\/revisions"}],"predecessor-version":[{"id":554,"href":"https:\/\/nexxfinance.com\/es\/wp-json\/wp\/v2\/pages\/523\/revisions\/554"}],"wp:attachment":[{"href":"https:\/\/nexxfinance.com\/es\/wp-json\/wp\/v2\/media?parent=523"}],"wp:term":[{"taxonomy":"type-page","embeddable":true,"href":"https:\/\/nexxfinance.com\/es\/wp-json\/wp\/v2\/type-page?post=523"}],"curies":[{"name":"wp","href":"https:\/\/api.w.org\/{rel}","templated":true}]}}