{"id":524,"date":"2026-02-17T21:04:07","date_gmt":"2026-02-17T21:04:07","guid":{"rendered":"https:\/\/dev-nexxfinance.pantheonsite.io\/?page_id=524"},"modified":"2026-02-17T23:17:23","modified_gmt":"2026-02-17T23:17:23","slug":"politica-de-privacidad","status":"publish","type":"page","link":"https:\/\/nexxfinance.com\/pt\/politica-de-privacidad\/","title":{"rendered":"Pol\u00edtica de Privacidade"},"content":{"rendered":"<p><strong>Na NexxFinance, ajudamos corretoras, fintechs e empresas do ecossistema financeiro a formar, recrutar e expandir equipes profissionais de alto desempenho, alinhadas com seus objetivos de crescimento, expans\u00e3o regional e rentabilidade.<\/strong> respeta la privacidad de los usuarios y se compromete a proteger los datos personales que puedan ser recopilados a trav\u00e9s de este sitio web.<\/p>\n\n\n\n<h2 class=\"wp-block-heading\">Datos recopilados<\/h2>\n\n\n\n<p>Podemos recopilar nombre, direcci\u00f3n de correo electr\u00f3nico, informaci\u00f3n empresarial, pa\u00eds de residencia e informaci\u00f3n proporcionada voluntariamente en formularios.<\/p>\n\n\n\n<h2 class=\"wp-block-heading\">Finalidad del tratamiento<\/h2>\n\n\n\n<p>Los datos recopilados podr\u00e1n ser utilizados para responder consultas, brindar informaci\u00f3n sobre servicios, gestionar relaciones comerciales y mejorar nuestros servicios.<\/p>\n\n\n\n<h2 class=\"wp-block-heading\">Protecci\u00f3n de datos<\/h2>\n\n\n\n<p>Adoptamos medidas t\u00e9cnicas y organizativas razonables para proteger la informaci\u00f3n contra accesos no autorizados, p\u00e9rdida o alteraci\u00f3n.<\/p>\n\n\n\n<h2 class=\"wp-block-heading\">Transferencias internacionales<\/h2>\n\n\n\n<p>Dado el car\u00e1cter internacional de nuestros servicios, los datos pueden ser tratados fuera del pa\u00eds de origen del usuario, siempre bajo est\u00e1ndares adecuados de protecci\u00f3n.<\/p>\n\n\n\n<h2 class=\"wp-block-heading\">Derechos del usuario<\/h2>\n\n\n\n<p>El usuario puede solicitar acceso, rectificaci\u00f3n o eliminaci\u00f3n de sus datos enviando un correo a <a href=\"mailto:info@nexxfinance.com\">info@nexxfinance.com<\/a>.<\/p>","protected":false},"excerpt":{"rendered":"<p>NexxFinance respeta la privacidad de los usuarios y se compromete a proteger los datos personales que puedan ser recopilados a trav\u00e9s de este sitio web. Datos recopilados Podemos recopilar nombre, direcci\u00f3n de correo electr\u00f3nico, informaci\u00f3n empresarial, pa\u00eds de residencia e informaci\u00f3n proporcionada voluntariamente en formularios. Finalidad del tratamiento Los datos recopilados podr\u00e1n ser utilizados para [&hellip;]<\/p>\n","protected":false},"author":1,"featured_media":0,"parent":0,"menu_order":0,"comment_status":"closed","ping_status":"closed","template":"","meta":{"_acf_changed":false,"footnotes":""},"type-page":[10],"class_list":["post-524","page","type-page","status-publish","hentry","type-page-legales"],"acf":[],"_links":{"self":[{"href":"https:\/\/nexxfinance.com\/pt\/wp-json\/wp\/v2\/pages\/524","targetHints":{"allow":["GET"]}}],"collection":[{"href":"https:\/\/nexxfinance.com\/pt\/wp-json\/wp\/v2\/pages"}],"about":[{"href":"https:\/\/nexxfinance.com\/pt\/wp-json\/wp\/v2\/types\/page"}],"author":[{"embeddable":true,"href":"https:\/\/nexxfinance.com\/pt\/wp-json\/wp\/v2\/users\/1"}],"replies":[{"embeddable":true,"href":"https:\/\/nexxfinance.com\/pt\/wp-json\/wp\/v2\/comments?post=524"}],"version-history":[{"count":2,"href":"https:\/\/nexxfinance.com\/pt\/wp-json\/wp\/v2\/pages\/524\/revisions"}],"predecessor-version":[{"id":558,"href":"https:\/\/nexxfinance.com\/pt\/wp-json\/wp\/v2\/pages\/524\/revisions\/558"}],"wp:attachment":[{"href":"https:\/\/nexxfinance.com\/pt\/wp-json\/wp\/v2\/media?parent=524"}],"wp:term":[{"taxonomy":"type-page","embeddable":true,"href":"https:\/\/nexxfinance.com\/pt\/wp-json\/wp\/v2\/type-page?post=524"}],"curies":[{"name":"wp","href":"https:\/\/api.w.org\/{rel}","templated":true}]}}